{"id":20,"date":"2009-01-25T18:27:11","date_gmt":"2009-01-25T17:27:11","guid":{"rendered":"http:\/\/antifabonn.blogsport.de\/kontakt\/"},"modified":"2025-07-28T23:22:08","modified_gmt":"2025-07-28T21:22:08","slug":"kontakt","status":"publish","type":"page","link":"https:\/\/antifabonn.noblogs.org\/?page_id=20","title":{"rendered":"Kontakt"},"content":{"rendered":"\n<p>Alle unsere aktuellen Kan\u00e4le und Kontaktm\u00f6glichkeiten findet ihr immer hier in unserer Linkliste:<\/p>\n\n\n\n<div class=\"wp-block-buttons is-layout-flex wp-block-buttons-is-layout-flex\">\n<div class=\"wp-block-button is-style-outline is-style-outline--1\"><a class=\"wp-block-button__link wp-element-button\" href=\"https:\/\/linklist.me\/@antifabonn\" style=\"padding-top:0;padding-right:var(--wp--preset--spacing--30);padding-bottom:0;padding-left:var(--wp--preset--spacing--30)\">\u25b6\ufe0f linklist.me\/@antifabonn<\/a><\/div>\n<\/div>\n\n\n\n<p>Wir bevorzugen verschl\u00fcsselte Anfragen. Nutzt daf\u00fcr die in der Linkliste verlinkte Mailadresse und unseren PGP-Key oder das Kontaktformular unten. Alle Anfragen \u00fcber das Kontaktformular werden verschl\u00fcsselt an uns gesendet.<\/p>\n\n\n\n<p>Wenn ihr eine anonyme Nachricht \u00fcber das Kontaktformular schicken m\u00f6chtet dann tr\u00e4gt einfach ein Pseudonym f\u00fcr Namen und Mailadresse. Z.B folgendes: <em>Anna &amp; Artur, anna@artur.de<\/em><\/p>\n\n\n\n<div style=\"height:15px\" aria-hidden=\"true\" class=\"wp-block-spacer\"><\/div>\n\n\n\n<hr class=\"wp-block-separator has-alpha-channel-opacity\" \/>\n\n\n\n<div style=\"height:14px\" aria-hidden=\"true\" class=\"wp-block-spacer\"><\/div>\n\n\n\n<h2 class=\"wp-block-heading\">Kontaktformular<\/h2>\n\n\n\n<p><\/p>\n\n\n\n<p><b><div class=\"secure-form\"><div id=\"message-group\" class=\"form-group\"><label for=\"message\">Message<\/label><textarea id=\"message\" name=\"message\" rows=\"5\"><\/textarea><\/div><form id=\"sform\" method=\"post\"><div id=\"subject-group\" class=\"form-group\"><label for=\"subject\">Subject<\/label><input type=\"text\" id=\"subject\" name=\"subject\"><\/div><div id=\"name-group\" class=\"form-group\"><label for=\"name\">Your name<\/label><input type=\"text\" id=\"name\" name=\"name\"><\/div><div id=\"email-group\" class=\"form-group\"><label for=\"email\">Your email<\/label><input type=\"text\" id=\"email\" name=\"email\"><\/div><input type=\"hidden\" id=\"encryptedMessage\" name=\"encryptedMessage\"><input type=\"submit\" name=\"submit\" value=\"Submit\"><\/form><\/div><\/b><\/p>\n","protected":false},"excerpt":{"rendered":"<p>Alle unsere aktuellen Kan\u00e4le und Kontaktm\u00f6glichkeiten findet ihr immer hier in unserer Linkliste: Wir bevorzugen verschl\u00fcsselte Anfragen. Nutzt daf\u00fcr die in der Linkliste verlinkte Mailadresse und unseren PGP-Key oder das&hellip; <\/p>\n","protected":false},"author":14418,"featured_media":0,"parent":0,"menu_order":0,"comment_status":"closed","ping_status":"closed","template":"","meta":{"footnotes":""},"class_list":["post-20","page","type-page","status-publish","hentry"],"_links":{"self":[{"href":"https:\/\/antifabonn.noblogs.org\/index.php?rest_route=\/wp\/v2\/pages\/20","targetHints":{"allow":["GET"]}}],"collection":[{"href":"https:\/\/antifabonn.noblogs.org\/index.php?rest_route=\/wp\/v2\/pages"}],"about":[{"href":"https:\/\/antifabonn.noblogs.org\/index.php?rest_route=\/wp\/v2\/types\/page"}],"author":[{"embeddable":true,"href":"https:\/\/antifabonn.noblogs.org\/index.php?rest_route=\/wp\/v2\/users\/14418"}],"replies":[{"embeddable":true,"href":"https:\/\/antifabonn.noblogs.org\/index.php?rest_route=%2Fwp%2Fv2%2Fcomments&post=20"}],"version-history":[{"count":10,"href":"https:\/\/antifabonn.noblogs.org\/index.php?rest_route=\/wp\/v2\/pages\/20\/revisions"}],"predecessor-version":[{"id":2070,"href":"https:\/\/antifabonn.noblogs.org\/index.php?rest_route=\/wp\/v2\/pages\/20\/revisions\/2070"}],"wp:attachment":[{"href":"https:\/\/antifabonn.noblogs.org\/index.php?rest_route=%2Fwp%2Fv2%2Fmedia&parent=20"}],"curies":[{"name":"wp","href":"https:\/\/api.w.org\/{rel}","templated":true}]}}