{"id":1673,"date":"2021-05-05T16:55:15","date_gmt":"2021-05-05T16:55:15","guid":{"rendered":"http:\/\/antifabonn.blackblogs.org\/?page_id=1208"},"modified":"2021-05-05T16:55:15","modified_gmt":"2021-05-05T16:55:15","slug":"charakterisierung-des-faschismus","status":"publish","type":"page","link":"https:\/\/antifabonn.noblogs.org\/?page_id=1673","title":{"rendered":"Charakterisierung des Faschismus"},"content":{"rendered":"<h3 class=\"western\">als Herrschaftsoption kapitalistische Gesellschaften<\/h3>\n<p align=\"justify\"><span style=\"font-family: Arial, sans-serif\"><span style=\"font-size: small\">Der historische Faschismus war ein Durchsetzungsstadium der Moderne, in dem der Kapitalismus einen Durchsetzungsschub erhielt. Modernisierung ist hier nicht im Sinne der Geschichtsrevisionisten zu verstehen, denen es im Wesentlichen um eine Relativierung und Aufwertung des Faschismus ankommt. Vielmehr geht es um eine Einordnung des Faschismus in Geschichte, Struktur und Strategie der kapitalistischen und imperialistischen Durchsetzungsgeschichte. Die Weiterentwicklungen im Interesse kapitalistischer Verwertungsinteressen lassen sich ohne den geschichtlichen Kontext der kapitalistischen Produktionsverh\u00e4ltnisse genauso wenig verstehen wie die Kontinuit\u00e4ten nach der Zerschlagung des historischen Faschismus.<\/span><\/span><\/p>\n<p align=\"justify\"><span style=\"font-family: Arial, sans-serif\"><span style=\"font-size: small\">In Deutschland wurde der Nationalsozialismus Anfang der 30er Jahre notwendig zur Rettung und weiteren Durchsetzung des Kapitalverh\u00e4ltnisses, als der Kapitalismus weltweit in eine Krise geriet und zudem noch durch die sozialistische Revolution bedroht schien.<\/span><\/span><\/p>\n<p align=\"justify\"><span style=\"font-family: Arial, sans-serif\"><span style=\"font-size: small\">Die NSDAP, die zwar kleinb\u00fcrgerlich gepr\u00e4gt war, aber unter der deutschen Gesamtbev\u00f6lkerung eine Massenbasis entwickelte, geriet zur Vorl\u00e4uferin der heutigen \u201eVolksparteien\u201c. 1933, nach der \u00dcbergabe der Macht an die Nationalsozialisten, unterst\u00fctzten alle Fraktionen des Kapitals den Nationalsozialismus. Durch seine Biologisierung der sozialen Verh\u00e4ltnisse schuf er das Konstrukt der \u201eVolksgemeinschaft\u201c, innerhalb derer das deutsche Individuum nach dem Leistungs- und Konkurrenzprinzip gleich geschaltet war und ausgerichtet wurde auf die Produktion f\u00fcr das ideelle Gesamtinteresse National\u00f6konomie, verschleiert ausgedr\u00fcckt durch Volk, Nation, Blut &amp; Boden, verk\u00f6rpert durch die abstrakte Gestalt des F\u00fchrers. Die eigentlich gesellschaftlich konstituierten Wertsetzungen, Hierarchien und Konkurrenzen wurden nun abgeleitet aus Rasse, Nation und Geschlecht. Die letzten feudal-klerikalen Strukturrelikte aus wilhelminischen Zeiten wurden durch die industrielle Massenfertigung, die Normierung und Typisierung in der Produktion und die Durchsetzung neuer Technologien und Fertigungsmethoden hinweggefegt, die Arbeiterbewegung zerschlagen, Kommunistlnnen, Sozialdemokratlnnen und Gewerkschafterlnnen verhaftet und z. T. ermordet die Erfolge der Frauenbewegung zunichte gemacht. B\u00fcrokratische Verwaltung, totale Registrierung, staatliche Geburten-, Bev\u00f6lkerungs- und St\u00e4dteplanung und das Befriedungsystem der staatlichen Sozialleistungen f\u00fcr Deutsche hielten Einzug, die ersten Strukturen des Massenkonsums wurden gelegt (Ausbreitung der Massenkommunikationsmittel, z.B \u201eVolks\u201cempf\u00e4nger, Herausbildung der Automobilindustrie als Schl\u00fcsselindustrie mit Autobahnbau und \u201eVolks\u201cwagen). Die formale Trennung von politisch-parlamentarischer Verwaltung und Kapital wurde beseitigt, der historische Pakt mit dem Staat als unmittelbarem Exekutor kapitalistischer Verwertungsinteressen vollzogen.<\/span><\/span><\/p>\n<p align=\"justify\"><span style=\"font-family: Arial, sans-serif\"><span style=\"font-size: small\">Judenha\u00df und antij\u00fcdische Pogrome, die in ihrer langen Geschichte vor allem die Funktion der Konstruktion eines homogenen christlich deutschen Volkes hatten, das sich in Abgrenzung zum Judentum legitimiert und gesellschaftliche und pers\u00f6nliche Widerspr\u00fcche in \u201edie Juden\u201c projiziert, um sie durch Ghettoisierung und Pogrome zu vernichten, bekamen mit Beginn der Moderne und dem Aufkommen des Nationalsozialismus einen v\u00f6llig neuen Charakter. Die Widerspr\u00fcchlichkeit sozialer Verh\u00e4ltnisse wurde biologisiert und die verk\u00fcrzte Geld- und Kapitalkritik der Nazis antisemitisch besetzt. Der Doppelcharakter der Ware und der Arbeit wurden biologistisch aufgespalten: die \u00dcberh\u00f6hung der \u201ewertschaffenden, konkreten, ehrlichen deutschen Arbeit\u201c wurde ausgespielt gegen die \u201eraffende, unwerte, abstrakte Zinstreiberei der Juden\u201c. Die als Bedrohung empfundenen Entwicklungen der Moderne Verwissenschaftlichung, Verst\u00e4dterung, Abstraktion u.\u00e4. wurden im \u201eJuden\u201c personifiziert, die Vernichtung dieser Erscheinungen mit der physischen Vernichtung der angeblich Verantwortlichen gleichgesetzt.<\/span><\/span><\/p>\n<p align=\"justify\"><span style=\"font-family: Arial, sans-serif\"><span style=\"font-size: small\">Der Nationalsozialismus setzte sich durch mit \u00e4u\u00dferem Zwang, Vernichtung und totaler Konsequenz. Doch wie bei jedem Modernisierungsschub wurde nach der Niederschlagung des Nationalsozialismus der \u00e4u\u00dfere Zwang \u00fcberfl\u00fcssig, weil die Strukturen bereits gesellschaftlich verinnerlicht waren. Faschismus und Kapitalismus sind keine Alternativen, sondern Faschismus ist nur besondere Erscheinungsform des Kapitalismus. Sie diskreditieren sich durch ihre gemeinsamen b\u00fcrgerlich-kapitalistischen Basisformen gegenseitig. Die BRD ist somit legitime Erbin des Nationalsozialismus. Sie \u00fcbernahm in ihrer \u201eStunde Null\u201c die Erbmasse und baut strukturell und ideologisch auf diesem Erbe auf.<\/span><\/span><\/p>\n<p align=\"justify\"><span style=\"font-family: Arial, sans-serif\"><span style=\"font-size: small\">Dabei sind die zahlreichen personellen Kontinuit\u00e4ten nur die besonders augenf\u00e4llige Best\u00e4tigung der eigentlichen Kontinuit\u00e4t in der deutschen Nachkriegsgeschichte: Das Wesen und die Struktur der kapitalistischen \u00d6konomie wurden ebenso \u00fcbernommen und weiterentwickelt wie die Formen ihrer Verwaltung und Absicherung.<\/span><\/span><\/p>\n<p align=\"justify\"><span style=\"font-family: Arial, sans-serif\"><span style=\"font-size: small\">Die kapitalistische Eigentumsordnung, die Basisformen Warenproduktion und Mehrwertsch\u00f6pfung, der \u201efreie Markt\u201c und die betriebswirtschaftliche Vernutzungslogik wurden wie im Nationalsozialismus die Grundbausteine f\u00fcr das Fundament der BRD. Die Erkenntnisse aus Wissenschaft und Forschung w\u00e4hrend der Zeit des Nationalsozialismus wurden auf die ver\u00e4nderten Bedingungen der Nachkriegszeit angewandt. Der zivile Nutzen der BRD aus den Erfahrungen des Nationalsozialismus wurde und wird besonders in den Bereichen St\u00e4dtebau, Bev\u00f6lkerungspolitik, Geburtenplanung, Innere Sicherheit, Medizin, Raumfahrt, <\/span><\/span><span style=\"font-family: Arial, sans-serif\"><span style=\"font-size: small\">Sozialpolitik und soziale Befriedung deutlich.<\/span><\/span><\/p>\n<figure id=\"attachment_1233\" aria-describedby=\"caption-attachment-1233\" style=\"width: 230px\" class=\"wp-caption alignright\"><img loading=\"lazy\" decoding=\"async\" class=\"size-medium wp-image-1233\" src=\"https:\/\/antifabonn.noblogs.org\/files\/2021\/05\/8Mai_Bild-S-49-230x300.png\" alt=\"\" width=\"230\" height=\"300\" srcset=\"https:\/\/antifabonn.noblogs.org\/files\/2021\/05\/8Mai_Bild-S-49-230x300.png 230w, https:\/\/antifabonn.noblogs.org\/files\/2021\/05\/8Mai_Bild-S-49.png 315w\" sizes=\"auto, (max-width: 230px) 100vw, 230px\" \/><figcaption id=\"caption-attachment-1233\" class=\"wp-caption-text\">Die Vernichtung der Wurzeln des Faschismus bleibt unser Ziel!<br \/>Nur mit der \u00dcberwindung der kapitalistischen Gesellschaft wird Faschismus als Herrschaftsmodell vernichtet<br \/>werden.<\/figcaption><\/figure>\n<p align=\"justify\"><span style=\"font-family: Arial, sans-serif\"><span style=\"font-size: small\">Der Umgang mit ihrem Erbe f\u00e4llt der BRD nicht leicht. Sie versucht, jede Parallele zum Nationalsozialismus zu leugnen (Bruch, Stunde Null, Neuanfang), aber auch jede Alternative zum b\u00fcrgerlich-kapitalistischen System. So versucht sie sich einerseits vom Nationalsozialismus zu distanzieren, beruft sich aber indirekt auf ihn wenn sie behauptet, da\u00df es zur b\u00fcrgerlichen Demokratie und freien Marktwirtschaft keine Alternativen gibt. <\/span><\/span><span style=\"font-family: Arial, sans-serif\"><span style=\"font-size: small\">Es gelingt ihr diese logische Unm\u00f6glichkeit, in dem sie die Methode anwendet, die charakteristisch ist f\u00fcr b\u00fcrgerliche Ideologie wie f\u00fcr Orientierung der b\u00fcrgerlichen Gesellschaft \u00fcberhaupt: Die Form wird verobjektiviert und zum Selbstzweck gemacht, der konkrete Inhalt wird dabei unwichtig oder raus gek\u00fcrzt. So geschieht dies in der Ideologie des Totalitarismus, die es f\u00fcr den b\u00fcrgerlichen Staat m\u00f6glich macht, sich sowohl vom Nationalsozialismus als auch von seinen linken Gegnern zu distanzieren. Beide werden \u00fcber die angeblich \u00e4hnlichen Formen als Ganzes gleichgesetzt, die eigene inhaltliche Verwandtschaft f\u00e4llt bei diesem Vergleich der Formen raus. Durch die Beliebigkeit, die entsteht, wenn dem betrachteten Gegenstand die inhaltliche Substanz entzogen wird, k\u00f6nnen nun sogar Faschismus und Kommunismus gegenseitig f\u00fcr ihre Existenz verantwortlich gemacht werden. Das propagierte Bild von der b\u00fcrgerlichen Mitte als unbeteiligtem Beobachter, der nur kopfsch\u00fcttelnd daneben steht, wenn die Extreme sich gegenseitig hoch schaukeln, ist bekannt.<\/span><\/span><\/p>\n<p align=\"justify\"><span style=\"font-family: Arial, sans-serif\"><span style=\"font-size: small\">Das Verh\u00e4ltnis der BRD zu Nationalsozialismus und Widerstand k\u00f6nnte jedoch nicht treffender ausgedr\u00fcckt werden als durch die BRD selber: sie beruft sich auf die \u201eM\u00e4nner des 20. Juli\u201c. Deren Handeln war nicht durch die Ablehnung des Nationalsozialismus motiviert, sondern durch die Konsequenzen seines Scheiterns.<\/span><\/span><\/p>\n<p align=\"justify\">April 1995&nbsp; <img loading=\"lazy\" decoding=\"async\" class=\"alignnone size-full wp-image-1264\" src=\"https:\/\/antifabonn.noblogs.org\/files\/2021\/05\/AABO-LOGO.png\" alt=\"\" width=\"163\" height=\"57\"><\/p>\n","protected":false},"excerpt":{"rendered":"<p>als Herrschaftsoption kapitalistische Gesellschaften Der historische Faschismus war ein Durchsetzungsstadium der Moderne, in dem der Kapitalismus einen Durchsetzungsschub erhielt. Modernisierung ist hier nicht im Sinne der Geschichtsrevisionisten zu verstehen, denen&hellip; <\/p>\n","protected":false},"author":14418,"featured_media":0,"parent":1663,"menu_order":10,"comment_status":"closed","ping_status":"closed","template":"","meta":{"footnotes":""},"class_list":["post-1673","page","type-page","status-publish","hentry"],"_links":{"self":[{"href":"https:\/\/antifabonn.noblogs.org\/index.php?rest_route=\/wp\/v2\/pages\/1673","targetHints":{"allow":["GET"]}}],"collection":[{"href":"https:\/\/antifabonn.noblogs.org\/index.php?rest_route=\/wp\/v2\/pages"}],"about":[{"href":"https:\/\/antifabonn.noblogs.org\/index.php?rest_route=\/wp\/v2\/types\/page"}],"author":[{"embeddable":true,"href":"https:\/\/antifabonn.noblogs.org\/index.php?rest_route=\/wp\/v2\/users\/14418"}],"replies":[{"embeddable":true,"href":"https:\/\/antifabonn.noblogs.org\/index.php?rest_route=%2Fwp%2Fv2%2Fcomments&post=1673"}],"version-history":[{"count":0,"href":"https:\/\/antifabonn.noblogs.org\/index.php?rest_route=\/wp\/v2\/pages\/1673\/revisions"}],"up":[{"embeddable":true,"href":"https:\/\/antifabonn.noblogs.org\/index.php?rest_route=\/wp\/v2\/pages\/1663"}],"wp:attachment":[{"href":"https:\/\/antifabonn.noblogs.org\/index.php?rest_route=%2Fwp%2Fv2%2Fmedia&parent=1673"}],"curies":[{"name":"wp","href":"https:\/\/api.w.org\/{rel}","templated":true}]}}