{"id":1671,"date":"2021-05-05T16:46:46","date_gmt":"2021-05-05T16:46:46","guid":{"rendered":"http:\/\/antifabonn.blackblogs.org\/?page_id=1204"},"modified":"2021-05-05T16:46:46","modified_gmt":"2021-05-05T16:46:46","slug":"anmerkungen-zum-historischen-faschismus","status":"publish","type":"page","link":"https:\/\/antifabonn.noblogs.org\/?page_id=1671","title":{"rendered":"Anmerkungen zum historischen Faschismus"},"content":{"rendered":"<h3 class=\"western\">Befreiung vom Nazi-Faschismus<\/h3>\n<p align=\"justify\"><span style=\"font-family: Arial, sans-serif\"><span style=\"font-size: small\">In der linken Praxis wird oftmals mit Begriffen wie \u201eFaschismus\u201c oder \u201eFaschisierung\u201c in bedenklicher Weise umgegangen, indem der Faschismus als eine Art Synonym f\u00fcr \u201ealles B\u00f6se und Schlechte auf der Welt\u201c benutzt und auf alle m\u00f6glichen Auspr\u00e4gungen der jetzt herrschenden Verh\u00e4ltnisse bedenkenlos angewandt wird. Indes ist das b\u00fcrgerliche (imperialistische) System nicht so rosig, da\u00df es ohne faschistisch zu sein keine unangenehmen Seiten h\u00e4tte. Vielmehr geh\u00f6rt die Aneignung der menschlichen Arbeitskraft durch andere Menschen und die Niederhaltung dessen, was diesen Akt st\u00f6ren k\u00f6nnte, zu jedem b\u00fcrgerlichen System &#8211; etwa in starkem Ma\u00df auch zum Bismarck-Reich (industrielle Ausbeutung, Sozialistengesetz). Faschismus ist also qualitativ mehr als das \u201enormale\u201c b\u00fcrgerlich-kapitalistische System.<\/span><\/span><\/p>\n<figure id=\"attachment_1228\" aria-describedby=\"caption-attachment-1228\" style=\"width: 300px\" class=\"wp-caption alignleft\"><img loading=\"lazy\" decoding=\"async\" class=\"size-medium wp-image-1228\" src=\"https:\/\/antifabonn.blackblogs.org\/wp-content\/uploads\/sites\/1135\/2021\/05\/8Mai_Bild-S-38-300x224.png\" alt=\"\" width=\"300\" height=\"224\"><figcaption id=\"caption-attachment-1228\" class=\"wp-caption-text\">Kurz nach der Selbstbefreiung Buchenwalds im April 1944 \u00fcbergeben Mitglieder des Lagerkomitees die SS-Schergen den US-amerikanischen Truppen.<\/figcaption><\/figure>\n<p align=\"justify\"><span style=\"font-family: Arial, sans-serif\"><span style=\"font-size: small\">Der Faschismus ging jedoch als Produkt aus dem b\u00fcrgerlich-kapitalistischen (imperialistischen) System hervor und war in den verschiedenen gesellschaftlichen Bereichen in diesem angelegt. Unserer Ansicht nach kann immer nur r\u00fcckblickend festgestellt werden, wann Entwicklungen und Kr\u00e4fteverschiebungen in den verschiedenen gesellschaftlichen Bereichen sich zu einer Gesamt-Konstellation verdichten, bei der man von einem \u201eUmkippen\u201c des b\u00fcrgerlich-kapitalistischen Systems ins Barbarische wie es beim Faschismus der Fall war sprechen k\u00f6nnte. Ein solches Umkippen, wie auch immer geartet, wird wohl nicht ein zweites Mal genau dieselbe Gestalt wie die historisch gekannte annehmen. Zu beobachten und zu untersuchen bleibt etwa, wohin Entwicklungen um J\u00f6rg Haider in \u00d6sterreich und um Silvio Berlusconi und seine \u201epostfaschistischen\u201c Partner in Italien hin zu einer Art \u201eautorit\u00e4ren Demokratie\u201c (mit populistischen und teilweise plebiszit\u00e4ren Elementen) f\u00fchren werden.<\/span><\/span><\/p>\n<p align=\"justify\"><span style=\"font-family: Arial, sans-serif\"><span style=\"font-size: small\">Daher w\u00e4re es nicht die richtige Herangehensweise, in Erwartung genau der historisch bekannten Formen und Muster auf die Wiederkunft des \u201eklassischen\u201c Faschismus zu warten. Vielmehr gilt es im Auge zu haben, inwieweit Kontinuit\u00e4ten in verschiedenen gesellschaftlichen Bereichen herrschen, welche den Faschismus erm\u00f6glicht oder ihn ausgezeichnet haben und inwieweit diese sich (erneut) zu einer Gesamtkonstellation zusammenf\u00fcgen, die einen qualitativen Bruch mit der \u201enormalen\u201c b\u00fcrgerlichen Ordnung bedeuten.<\/span><\/span><\/p>\n<p align=\"justify\"><span style=\"font-family: Arial, sans-serif\"><span style=\"font-size: small\"><b>Was macht den historischen Faschismus aus?<\/b><\/span><\/span><\/p>\n<p align=\"justify\"><span style=\"font-family: Arial, sans-serif\"><span style=\"font-size: small\">Kennzeichnende Strukturmerkmale des europ\u00e4ischen Faschismus der 20er bis 40er Jahre, der von den Extremformen des Nazismus (Nationalsozialismus) in Deutschland einerseits bis zum (eher feudal-katholisch gepr\u00e4gten) Francismus in Spanien andererseits reichte, waren:<\/span><\/span><\/p>\n<p align=\"justify\"><span style=\"font-family: Arial, sans-serif\"><span style=\"font-size: small\"><b>a. Der Hintergrund:<\/b> Eine tiefe existentielle Krise des bisherigen kapitalistischen Systems Ende der 20er\/Anfang der 30er Jahre in Zusammenhang mit dem B\u00f6rsenkrach, dem Einbruch der Banken- und Finanzwelt. Hinzu kam speziell in Deutschland eine tiefgreifende Modernisierungskrise in Zusammenhang mit der gegen\u00fcber anderen Staaten (USA) nachholenden Einf\u00fchrung der modernen Produktionsweise (\u201eFordismus\u201c: Massenfertigung, Flie\u00dfband etc.). Gleichzeitig politische Systembedrohung durch eine kommunistische Alternative, die gesellschaftlich relevant verankert war und das Beispiel einer erfolgreichen Revolution 1917 vor Augen hatte. Das Fehlen von entsprechenden Konzepten, diese Krise mit herk\u00f6mmlichen (politischen, \u00f6konomischen) Mitteln zu \u201el\u00f6sen\u201c.<\/span><\/span><\/p>\n<p align=\"justify\"><span style=\"font-family: Arial, sans-serif\"><span style=\"font-size: small\"><b>b. Die Grundlage:<\/b> Massenbewegung als Gegenbewegung zur sozialistischen Bewegung, die \u201enationale Idee\u201c als Gegenentwurf zur \u201esozialen Idee\u201c propagierend, teilweise aber auch subjektiv die \u201enationale\u201c mit der \u201esozialen\u201c Idee zu verbinden suchend. (Beispiel: die Br\u00fcder Strasser vom \u201eantikapitalistischen\u201c Fl\u00fcgel der NSDAP; Teile der SA ausgeschaltet 1934 im \u201eR\u00f6hmputsch\u201c). In jedem Fall starke Sozialdemagogie. Radikalisierung auf Massenebene aufgrund von Existenzangst v.a. auch beim abstiegsbedrohten Mittelstand\/Kleinb\u00fcrgertum.<\/span><\/span><\/p>\n<p align=\"justify\"><span style=\"font-family: Arial, sans-serif\"><span style=\"font-size: small\">Charakteristisch f\u00fcr diese Bewegungen ist, da\u00df sie vorkapitalistische Denk- und Verhaltensmuster, uralte Vorurteile reaktivieren. Beispiel ist (v.a. in Deutschland und Frankreich) der Antisemitismus, der nunmehr losgel\u00f6st von seinen urspr\u00fcnglich konfessionellen Wurzeln in moderner Form als \u201ewirtschaftlicher Antisemitismus\u201c daherkommt. D.h. Antisemitismus als scheinbare Erkl\u00e4rung f\u00fcr die kapitalistische Ausbeutung. Die Nationalsozialisten gossen diesen biologisieren den \u201eAntikapitalismus\u201c in ihre Theorie vom \u201eschaffenden\u201c und dem \u201eraffenden\u201c Kapital. Das Industriekapital wurde als flei\u00dfiges, produzierendes in Schutz genommen und vom Vorwurf der Ausbeutung freigesprochen, w\u00e4hrend das \u201eraffende\u201c Kapital der H\u00e4ndler und das Finanzkapital als das b\u00f6sartige, wuchernde Gegenst\u00fcck dargestellt wurde. Das \u201ejudische\u201c Kapital als \u201eraffendes\u201c, ausbeuterisches, wurde zur Enteignung freigegeben, an der sich die \u201earische\u201c Konkurrenz ihrerseits m\u00e4stete (\u201eArisierung\u201c von Eigentum) damit ging gleichzeitig auch die Ausschaltung der politisch-gesellschaftlich liberalen Elemente des B\u00fcrgertums als \u201ej\u00fcdisch\u201c einher. Auch dem von der Gro\u00dfindustrie in seiner wirtschaftlichen Existenz bedrohten Mittelstand lieferte der moderne Antisemitismus die Grundlage seiner<\/span><\/span><\/p>\n<p align=\"justify\"><span style=\"font-family: Arial, sans-serif\"><span style=\"font-size: small\">Abwehr gegen die \u201eraffende\u201c, \u201ej\u00fcdische\u201c Konkurrenz der Gro\u00dfkonzerne und Banken und seine Legitimation zur Bereicherung durch \u201eArisierung\u201c. Somit lieferte der gemeinsame Feind \u201eDer Jude\u201c sowohl dem politisch nicht aufgekl\u00e4rten Lohn abh\u00e4ngigen (gegen den vermeintlichen Ausbeuter) als auch dem kleinen und mittleren Besitzb\u00fcrger und Mittelstand (gegen die Konkurrenz) eine politische und ideologische Grundlage zur vermeintlichen Durchsetzung ihrer Interessen. Das Gro\u00dfkapital wiederum fand seinen Gefallen an der ordnungspolitischen Funktion der Nationalsozialisten als vermeintlich antikapitalistischer Bewegung: durch ihre Frontstellung gegen \u201edie Juden\u201c als \u201eKrebs\u00fcbel der Gesellschaft\u201c tritt das Pogrom<\/span><\/span><\/p>\n<figure id=\"attachment_1229\" aria-describedby=\"caption-attachment-1229\" style=\"width: 207px\" class=\"wp-caption alignright\"><img loading=\"lazy\" decoding=\"async\" class=\"size-medium wp-image-1229\" src=\"https:\/\/antifabonn.noblogs.org\/files\/2021\/05\/8Mai_Bild-S-40-207x300.png\" alt=\"\" width=\"207\" height=\"300\" srcset=\"https:\/\/antifabonn.noblogs.org\/files\/2021\/05\/8Mai_Bild-S-40-207x300.png 207w, https:\/\/antifabonn.noblogs.org\/files\/2021\/05\/8Mai_Bild-S-40.png 240w\" sizes=\"auto, (max-width: 207px) 100vw, 207px\" \/><figcaption id=\"caption-attachment-1229\" class=\"wp-caption-text\">Wohnhof in Hamburg im Jahre 1932.<\/figcaption><\/figure>\n<p align=\"justify\"><span style=\"font-family: Arial, sans-serif\"><span style=\"font-size: small\">an die Stelle des Klassenkampfs, die Vernichtung der Minderheit an die Stelle der Revolution, die \u201enationale Idee\u201c verdr\u00e4ngt oder schluckt die \u201esoziale\u201c und der \u201enationale Sozialismus\u201c tritt an die Stelle des Sozialismus (weshalb ihm auch dieser Name gegeben wurde). Diese Ber\u00fchrung unterschiedlicher Interessen beim gemeinsamen \u201eFeind\u201c ist der Ausgangspunkt f\u00fcr die \u201eVolksgemeinschaft\u201c aller Deutschen\/,,Arier\u201c.<\/span><\/span><\/p>\n<p align=\"justify\"><span style=\"font-family: Arial, sans-serif\"><span style=\"font-size: small\"><b>c. Die Umsetzung:<\/b> Die NSDAP als Massenbewegung wuchs nicht aus dem Staatsapparat oder aus den herrschenden Eliten heraus, sondern entwickelte sich als eigenst\u00e4ndiger Faktor daneben. Freilich standen die herrschenden Eliten bereits bei der Gr\u00fcndung solcher Gruppen wie der damaligen Splitterpartei \u201eDeutsche Arbeiter-Partei\u201c (DAP) Pate. 1919, in der B\u00fcrgerkriegssituation der verhinderten Revolution, unterst\u00fctzten die zahlreichen milit\u00e4rischen und paramilit\u00e4rischen Gruppen, \u201eFreikorps\u201c usw. die Formierung solcher Gruppen, um \u201eden deutschen Arbeiter wieder f\u00fcr das Vaterland zur\u00fcckzugewinnen\u201c wozu man eine Bewegung und eine Idee als Gegenst\u00fcck zur sozialistischen Bewegung und Idee ben\u00f6tigte. Adolf Hitler begann seine Karriere damals als Befreiung vom Nazi-Faschismus Spitzel des Gruppenkommandos der Reichswehr, der in \u201eSchulungskursen\u201c milit\u00e4rischer Institutionen ideologisch getrimmt wurde; dort spielte auch bereits der Begriff des \u201enationalen Sozialismus\u201c (im Sinne der Konzeption als Gegenst\u00fcck zum Marxismus) eine Rolle.<\/span><\/span><\/p>\n<p align=\"justify\"><span style=\"font-family: Arial, sans-serif\"><span style=\"font-size: small\">Als Spitzel der Reichswehr wurde Hitler auch zu den Versammlungen der \u201eDAP\u201c gesandt. 2 Die NSDAP entwickelte sich dann als eigenst\u00e4ndiger Faktor. Der geplante Rechtsputsch unter dem deutschnationalen bayerischen Ministerpr\u00e4sidenten Gustav v. Kahr scheiterte 1923 an Ungeduld und \u201eRadikalismus\u201c der NSDAP, die von Seiten der bayerischen F\u00fchrung beteiligt wurde; die Nazipartei verselbst\u00e4ndigte sich also gegen\u00fcber den Eliten, statt als<\/span><\/span><\/p>\n<p align=\"justify\"><span style=\"font-family: Arial, sans-serif\"><span style=\"font-size: small\">willenloses Werkzeug zu dienen. Nach Wiedergr\u00fcndung der NSDAP 1925 fuhr Hitler bereits 1926\/27 mehrfach ins rheinische Industriegebiet K\u00f6nigswinter, Essen um hinter verschlossenen T\u00fcren mit Industriellen zu verhandeln. Ab 1929\/30, in der Krise, unterst\u00fctzten gr\u00f6\u00dfere Teile der deutschen Industrie die NSDAP in bedeutendem Ausma\u00df (aber auch etwa Henry Ford aus Detroit\/USA).<\/span><\/span><\/p>\n<figure id=\"attachment_1230\" aria-describedby=\"caption-attachment-1230\" style=\"width: 198px\" class=\"wp-caption alignright\"><img loading=\"lazy\" decoding=\"async\" class=\"size-medium wp-image-1230\" src=\"https:\/\/antifabonn.noblogs.org\/files\/2021\/05\/8Mai_Bild-S-41-198x300.png\" alt=\"\" width=\"198\" height=\"300\" srcset=\"https:\/\/antifabonn.noblogs.org\/files\/2021\/05\/8Mai_Bild-S-41-198x300.png 198w, https:\/\/antifabonn.noblogs.org\/files\/2021\/05\/8Mai_Bild-S-41.png 255w\" sizes=\"auto, (max-width: 198px) 100vw, 198px\" \/><figcaption id=\"caption-attachment-1230\" class=\"wp-caption-text\">AIZ -Arbeiter Illisutrierte Zeitung vom Mai 1929.<br \/>Polizei traditionell auf der Seite der reaktion\u00e4ren Kreise. Festnahme eines jungen Kommunisten beim \u201eBlutmai \u201829\u201c in Berlin.<\/figcaption><\/figure>\n<p align=\"justify\"><span style=\"font-family: Arial, sans-serif\"><span style=\"font-size: small\">Ein Ph\u00e4nomen dabei war, da\u00df die NSDAP einen Spagat zwischen offener Bef\u00fcrwortung des nationalen Kapitals und gleichzeitiger Ablehnung des internationalen Kapitals schaffte. Die Breite der nationalsozialistischen Bewegung wurde weniger durch offenes prokapitalistisches Auftreten erreicht als vielmehr \u00fcber die Linie der SA, die mit nationalrevolution\u00e4ren (vermeintlich antikapitalistischen) Parolen vor allem das mit Existenzangst behaftete Kleinb\u00fcrgertum an sich band und sogar ein Einsickern in Schichten der Lohnabh\u00e4ngigen erreichen konnte. Nichts desto trotz bildeten diese beiden vermeintlichen Fl\u00fcgel keinen Widerspruch.<\/span><\/span><\/p>\n<p align=\"justify\"><span style=\"font-family: Arial, sans-serif\"><span style=\"font-size: small\">W\u00e4hrend Hitler und Konsorten das Geld f\u00fcr den Aufbau einer Massenpartei in enger politischer Zusammenarbeit mit ihren Geldgebern anh\u00e4uften, sorgten nationalrevolution\u00e4re Parolen f\u00fcr die Vorbereitung der entstehenden Massenbewegung. Auf den Punkt brachte die politische Situation des offenen Zusammenarbeitens rechter\/faschistischer Kr\u00e4fte mit geldstarken Gro\u00dfindustriellen und einflu\u00dfreichen Medienf\u00fcrsten die Gr\u00fcndung der \u201eHarzburger Front\u201c. Diese, am 11.\/12. Oktober 1932 in Bad Harzburg ins Leben gerufene Vereinigung, war ein Zusammenschlu\u00df der NSDAP, des Stahlhelms, der DNVP sowie verschiedener Gro\u00dfindustrieller und des Mediengiganten Hugenberg.<\/span><\/span><\/p>\n<figure id=\"attachment_1231\" aria-describedby=\"caption-attachment-1231\" style=\"width: 300px\" class=\"wp-caption alignright\"><img loading=\"lazy\" decoding=\"async\" class=\"size-medium wp-image-1231\" src=\"https:\/\/antifabonn.noblogs.org\/files\/2021\/05\/8Mai_Bild-S-42-300x185.png\" alt=\"\" width=\"300\" height=\"185\" srcset=\"https:\/\/antifabonn.noblogs.org\/files\/2021\/05\/8Mai_Bild-S-42-300x185.png 300w, https:\/\/antifabonn.noblogs.org\/files\/2021\/05\/8Mai_Bild-S-42.png 452w\" sizes=\"auto, (max-width: 300px) 100vw, 300px\" \/><figcaption id=\"caption-attachment-1231\" class=\"wp-caption-text\">Fackelzug der<br \/>NSDAP und ihrer Anh\u00e4nger am Abend des 30. Januar 1933 am Brandenburger Tor in Berlin.<\/figcaption><\/figure>\n<p align=\"justify\"><span style=\"font-family: Arial, sans-serif\"><span style=\"font-size: small\"><b>d. Faschismus an der Macht:<\/b> Weitgehende Aufhebung der \u201eSpielregeln\u201c der bisherigen b\u00fcrgerlichen Gesellschaft, um den Kern der kapitalistischen Interessen zu wahren. V\u00f6llige Entmachtung der bisherigen politischen Vertreter der Bourgeoisie und sch\u00e4rfste Repression gegen jegliche Kritik; v\u00f6llige Aufhebung b\u00fcrgerlich-liberaler Prinzipien wie Pluralismus, die sonst gew\u00e4hrleisten, da\u00df die verschiedenen Gruppen und Interessen der modernen b\u00fcrgerlichen Gesellschaft ihre Interessen aufeinander abstimmen. Staatliche Planwirtschaft, insbesondere freilich im Interesse der R\u00fcstung und Kriegswirtschaft, durchaus auch im Interesse der Gro\u00dfkonzerne. Gleichzeitig im Inneren der Betriebe Prinzip der \u201eBetriebsgemeinschaft\u201c unter einem \u201eBetriebsf\u00fchrer\u201c als versch\u00e4rfte kapitalistische Hierarchisierung. \u201eVolksgemeinschaft\u201c als B\u00fcndnis von aufgehetztem Mob und Eliten; Einbeziehung der auf gehetzten Massenbasis in die straffe hierarchische Durchorganisierung der gesamten Gesellschaft etwa als \u201eBlockwarte\u201c, organisatorische Erfassung der Jugend. Im deutsch besetzten Teil Europas: Deportation und Vernichtung insbesondere der j\u00fcdischen Bev\u00f6lkerung (und Sinti &amp; Roma&#8230;), zumindest in der Konsequenz der Vernichtung (anders Zwangsarbeit) losgel\u00f6st von kapitalistischer\/\u00f6konomischer oder strategischer Rationalit\u00e4t Noch 1944 werden kriegswichtige Verkehrswege und Infrastruktur f\u00fcr die \u201eTransporte\u201c nach Auschwitz benutzt.<\/span><\/span><\/p>\n<p align=\"justify\"><span style=\"font-family: Arial, sans-serif\"><span style=\"font-size: small\"><b>Fazit: <\/b>Nebeneinander von radikalisierten kapitalistischen Interessen und politischer\/ideologischer Eigendynamik zwecks \u00e4u\u00dferster r\u00fccksichtsloser Durchsetzung hierarchischer Interessen.<\/span><\/span><\/p>\n<p align=\"justify\">April 1995&nbsp; <img loading=\"lazy\" decoding=\"async\" class=\"alignnone size-full wp-image-1264\" src=\"https:\/\/antifabonn.noblogs.org\/files\/2021\/05\/AABO-LOGO.png\" alt=\"\" width=\"163\" height=\"57\"><\/p>\n","protected":false},"excerpt":{"rendered":"<p>Befreiung vom Nazi-Faschismus In der linken Praxis wird oftmals mit Begriffen wie \u201eFaschismus\u201c oder \u201eFaschisierung\u201c in bedenklicher Weise umgegangen, indem der Faschismus als eine Art Synonym f\u00fcr \u201ealles B\u00f6se und&hellip; <\/p>\n","protected":false},"author":14418,"featured_media":0,"parent":1663,"menu_order":7,"comment_status":"closed","ping_status":"closed","template":"","meta":{"footnotes":""},"class_list":["post-1671","page","type-page","status-publish","hentry"],"_links":{"self":[{"href":"https:\/\/antifabonn.noblogs.org\/index.php?rest_route=\/wp\/v2\/pages\/1671","targetHints":{"allow":["GET"]}}],"collection":[{"href":"https:\/\/antifabonn.noblogs.org\/index.php?rest_route=\/wp\/v2\/pages"}],"about":[{"href":"https:\/\/antifabonn.noblogs.org\/index.php?rest_route=\/wp\/v2\/types\/page"}],"author":[{"embeddable":true,"href":"https:\/\/antifabonn.noblogs.org\/index.php?rest_route=\/wp\/v2\/users\/14418"}],"replies":[{"embeddable":true,"href":"https:\/\/antifabonn.noblogs.org\/index.php?rest_route=%2Fwp%2Fv2%2Fcomments&post=1671"}],"version-history":[{"count":1,"href":"https:\/\/antifabonn.noblogs.org\/index.php?rest_route=\/wp\/v2\/pages\/1671\/revisions"}],"predecessor-version":[{"id":2104,"href":"https:\/\/antifabonn.noblogs.org\/index.php?rest_route=\/wp\/v2\/pages\/1671\/revisions\/2104"}],"up":[{"embeddable":true,"href":"https:\/\/antifabonn.noblogs.org\/index.php?rest_route=\/wp\/v2\/pages\/1663"}],"wp:attachment":[{"href":"https:\/\/antifabonn.noblogs.org\/index.php?rest_route=%2Fwp%2Fv2%2Fmedia&parent=1671"}],"curies":[{"name":"wp","href":"https:\/\/api.w.org\/{rel}","templated":true}]}}