{"id":1665,"date":"2021-05-04T20:43:57","date_gmt":"2021-05-04T20:43:57","guid":{"rendered":"http:\/\/antifabonn.blackblogs.org\/?page_id=1190"},"modified":"2021-05-04T20:43:57","modified_gmt":"2021-05-04T20:43:57","slug":"befreiung-%e2%89%a0-freiheit","status":"publish","type":"page","link":"https:\/\/antifabonn.noblogs.org\/?page_id=1665","title":{"rendered":"Befreiung \u2260 Freiheit"},"content":{"rendered":"<h3 class=\"western\">Die ungebrochene Kontinuit\u00e4t brechen!<\/h3>\n<p align=\"justify\"><strong><span style=\"font-family: Arial, sans-serif\"><span style=\"font-size: small\">8. Mai 1945 &#8211; Tag der Befreiung vom Nazi-Faschismus<\/span><\/span><\/strong><\/p>\n<p align=\"justify\"><span style=\"font-family: Arial, sans-serif\"><span style=\"font-size: small\">Der 8. Mai 1945 ist eines der Daten in der deutschen Geschichte, in der Antifaschistlnnen Gefahr laufen, in eine unheimliche Koalition mit b\u00fcrgerlichen und reaktion\u00e4ren Kreisen zu geraten; dann n\u00e4mlich, wenn sie diesen Tag als den der generellen Befreiung vom Faschismus begehen. Die faschistische Gefahr ist durch die Befreiung vom Nationalsozialismus nicht gebannt.<\/span><\/span><\/p>\n<p align=\"justify\"><em><span style=\"font-family: Arial, sans-serif\"><span style=\"font-size: small\"> &#8222;Wir schw\u00f6ren deshalb vor aller Welt auf diesem Appellplatz, an dieser St\u00e4tte des Grauens:<\/span><\/span><\/em><\/p>\n<p align=\"justify\"><em><span style=\"font-family: Arial, sans-serif\"><span style=\"font-size: small\"> Wir stellen den Kampf erst ein, wenn auch der letzte Schuldige vor den Richtern der V\u00f6lker steht!<\/span><\/span><\/em><\/p>\n<p align=\"justify\"><em><span style=\"font-family: Arial, sans-serif\"><span style=\"font-size: small\"> Die Vernichtung des Nazismus mit seinen Wurzeln ist unsere Losung.<\/span><\/span><\/em><\/p>\n<p align=\"justify\"><em><span style=\"font-family: Arial, sans-serif\"><span style=\"font-size: small\"> Der Aufbau einer neuen Welt des Friedens und der Freiheit ist unser Ziel.&#8220;<\/span><\/span><\/em><\/p>\n<p align=\"justify\"><span style=\"font-family: Arial, sans-serif\"><span style=\"font-size: small\"> Zitat aus dem Schwur der H\u00e4ftlinge von Buchenwald<\/span><\/span><\/p>\n<p align=\"justify\"><span style=\"font-family: Arial, sans-serif\"><span style=\"font-size: small\">Der reflexartige Umkehrschlu\u00df aber, die ausschlie\u00dfliche Betonung der faschistischen Kontinuit\u00e4t und das Ignorieren des heftigen, historisch gesellschaftlichen Einschnitts, blendet wesentliche Merkmale aus der Betrachtung aus und kann deshalb nur ein verwaschenes und unvollst\u00e4ndiges Bild liefern.<\/span><\/span><\/p>\n<figure id=\"attachment_1213\" aria-describedby=\"caption-attachment-1213\" style=\"width: 211px\" class=\"wp-caption alignright\"><img loading=\"lazy\" decoding=\"async\" class=\"size-medium wp-image-1213\" src=\"https:\/\/antifabonn.noblogs.org\/files\/2021\/05\/8Mai_Bild-S-06-211x300.png\" alt=\"\" width=\"211\" height=\"300\" srcset=\"https:\/\/antifabonn.noblogs.org\/files\/2021\/05\/8Mai_Bild-S-06-211x300.png 211w, https:\/\/antifabonn.noblogs.org\/files\/2021\/05\/8Mai_Bild-S-06.png 233w\" sizes=\"auto, (max-width: 211px) 100vw, 211px\" \/><figcaption id=\"caption-attachment-1213\" class=\"wp-caption-text\">Mai 1945: Zwei Soldaten der Roten Armee im Kanzleramt in Berlin nach dessen Einnahme.<\/figcaption><\/figure>\n<p align=\"justify\"><span style=\"font-family: Arial, sans-serif\"><span style=\"font-size: small\">In erster Linie war und ist der 8. Mai f\u00fcr die vom Nationalsozialismus Verfolgten, f\u00fcr die Menschen in den Konzentrationslagern und der Illegalit\u00e4t, f\u00fcr die Bev\u00f6lkerung der \u00fcberfallenen L\u00e4nder und diejenigen in der inneren wie \u00e4u\u00dferen Emigration der Tag der Befreiung von der Bedrohung durch ein terroristisches System. Die milit\u00e4rische Zerschlagung der NS Diktatur setzte diesem faschistischen Regime ein En de einem Regime, das die Mehrheit der Deutschen bis zum bitteren Ende gest\u00fctzt hatte.<\/span><\/span><\/p>\n<p align=\"justify\"><span style=\"font-family: Arial, sans-serif\"><span style=\"font-size: small\">F\u00fcr diese Mehrheit war der 8. Mai zun\u00e4chst der Tag der milit\u00e4rischen und pers\u00f6nlichen Niederlage, f\u00fcr viele ist er es (insgeheim) bis heute geblieben. Wenn er gleichzeitig bis in reaktion\u00e4re\/konservative Kreise als der Tag der Befreiung vom Faschismus verkauft wird, dann steht dies f\u00fcr die Leugnung der eigenen Verantwortung, f\u00fcr die Personalisierung des Faschismus in der Figur Hitlers als \u201echarismatischem F\u00fchrer\u201c oder den Nazi-Bonzen als \u201egro\u00dfen Manipulateuren\u201c und damit f\u00fcr die Verschleierung der Wurzeln des Faschismus im imperialistischen System.<\/span><\/span><\/p>\n<p align=\"justify\"><span style=\"font-family: Arial, sans-serif\"><span style=\"font-size: small\">Der Mythos von der \u201eStunde Null\u201c dient zur Legitimation der parlamentarischen Demokratie, zur Identifikation mit der \u201efreiheitlich-demokratischen Grundordnung\u201c in den Westzonen, trotz offensichtlicher faschistischer Kontinuit\u00e4ten in Justiz, Polizei, Milit\u00e4r und Verwaltung. Die Berufung auf den \u201eNeuanfang\u201c l\u00e4\u00dft den Nationalsozialismus als abgeschlossenes historisches Ph\u00e4nomen dastehen. Eine Einordnung des Faschismus als Option zur Wahrung der kapitalistischen Produktionsbedingungen wurde damit verhindert, der fr\u00fche antifaschistisch-antikapitalistische Konsens in breiten Kreisen der Nachkriegsgesellschaft, der immerhin so weit reichte, da\u00df selbst die CDU Sozialisierungsforderungen in ihr \u201eAhlener Programm\u201c von 1947 aufnehmen mu\u00dfte, wurde unterlaufen und schlie\u00dflich im Zuge der Blockbildung g\u00e4nzlich zerschlagen. Von da an wurde der Antikommunismus zum einenden Programm.<\/span><\/span><\/p>\n<p align=\"justify\"><span style=\"font-family: Arial, sans-serif\"><span style=\"font-size: small\">Wenn wir trotz der Entwicklungen nach dem 8. Mai 1945 diesen Tag feiern, dann deshalb, weil an diesem Tag ein historisch bisher einmaliges Terrorregime endg\u00fcltig zerschlagen war. Der 8. Mai steht damit als Zeichen der Hoffnung auf die Befreiung von Unterdr\u00fcckung. Gleichwohl m\u00fcssen wir eingestehen, da\u00df es nicht der Widerstand in Deutschland selbst war, der das System zum Aufgeben zwang. Selbst wenn es bis zum Schlu\u00df Widerstand in der R\u00fcstungsindustrie gab, selbst wenn im KZ Buchenwald die H\u00e4ftlinge die Wachmannschaften \u00fcberw\u00e4ltigten be vor die US-amerikanischen Truppen anr\u00fcckten, h\u00e4tte die Befreiung ohne die ungeheuren Opfer der Roten Armee und den Einsatz der West-Alliierten nicht statt gefunden. Es mu\u00df also an diesem Tag neben der Betrachtung des Widerstands in seinen vielf\u00e4ltigen Auspr\u00e4gungen das Augenmerk auch auf die Mechanismen gerichtet werden, die dem Nazi-Faschismus zu seiner Massenbasis verhalfen, die bis in die letzten Wochen des Krieges hinein die Kriegsmaschinerie und die industrielle Vernichtung von Menschen aufrecht erhielten. Dies nicht zuletzt deshalb, weil etwa der Volksgemeinschaftsgedanke sich bis heute unter anderem in der Sozialpartnerschaft wiederfindet oder sich die Doktrin vom \u201eLebensraum im Osten\u201c im Kern der aktuellen wirtschaftlichen Bestrebungen der Bundesrepublik widerspiegelt.<\/span><\/span><\/p>\n<p align=\"justify\"><span style=\"font-family: Arial, sans-serif\"><span style=\"font-size: small\">Ein differenziertes Bild der Befreiung vom Nazi-Faschismus also, ein Bild, das die Traditionslinien der Unterdr\u00fcckung vor, w\u00e4hrend und nach dem Nazi-Regime nachzeichnet, das deutlich zwischen Befreiern und Befreiten, Opfern und T\u00e4tern unterscheidet und die Ursachen des Faschismus im kapitalistischen System benennt, ein solches Bild l\u00e4uft sicherlich nicht Gefahr, in die Galerie der staatstragenden Befreiungsfeierlichkeiten eingereiht zu werden.<\/span><\/span><\/p>\n<p align=\"justify\">April 1995&nbsp; <img loading=\"lazy\" decoding=\"async\" class=\"alignnone size-full wp-image-1264\" src=\"https:\/\/antifabonn.noblogs.org\/files\/2021\/05\/AABO-LOGO.png\" alt=\"\" width=\"163\" height=\"57\"><\/p>\n","protected":false},"excerpt":{"rendered":"<p>Die ungebrochene Kontinuit\u00e4t brechen! 8. Mai 1945 &#8211; Tag der Befreiung vom Nazi-Faschismus Der 8. Mai 1945 ist eines der Daten in der deutschen Geschichte, in der Antifaschistlnnen Gefahr laufen,&hellip; <\/p>\n","protected":false},"author":14418,"featured_media":0,"parent":1663,"menu_order":2,"comment_status":"closed","ping_status":"closed","template":"","meta":{"footnotes":""},"class_list":["post-1665","page","type-page","status-publish","hentry"],"_links":{"self":[{"href":"https:\/\/antifabonn.noblogs.org\/index.php?rest_route=\/wp\/v2\/pages\/1665","targetHints":{"allow":["GET"]}}],"collection":[{"href":"https:\/\/antifabonn.noblogs.org\/index.php?rest_route=\/wp\/v2\/pages"}],"about":[{"href":"https:\/\/antifabonn.noblogs.org\/index.php?rest_route=\/wp\/v2\/types\/page"}],"author":[{"embeddable":true,"href":"https:\/\/antifabonn.noblogs.org\/index.php?rest_route=\/wp\/v2\/users\/14418"}],"replies":[{"embeddable":true,"href":"https:\/\/antifabonn.noblogs.org\/index.php?rest_route=%2Fwp%2Fv2%2Fcomments&post=1665"}],"version-history":[{"count":0,"href":"https:\/\/antifabonn.noblogs.org\/index.php?rest_route=\/wp\/v2\/pages\/1665\/revisions"}],"up":[{"embeddable":true,"href":"https:\/\/antifabonn.noblogs.org\/index.php?rest_route=\/wp\/v2\/pages\/1663"}],"wp:attachment":[{"href":"https:\/\/antifabonn.noblogs.org\/index.php?rest_route=%2Fwp%2Fv2%2Fmedia&parent=1665"}],"curies":[{"name":"wp","href":"https:\/\/api.w.org\/{rel}","templated":true}]}}