{"id":1629,"date":"2024-03-01T20:22:36","date_gmt":"2024-03-01T19:22:36","guid":{"rendered":"https:\/\/antifabonn.blackblogs.org\/?page_id=1629"},"modified":"2025-07-28T23:23:34","modified_gmt":"2025-07-28T21:23:34","slug":"flying-high-kalender","status":"publish","type":"page","link":"https:\/\/antifabonn.noblogs.org\/?page_id=1629","title":{"rendered":"Flying High Kalender"},"content":{"rendered":"\n<p>Der <a href=\"https:\/\/flyinghigh-bonn.org\/\"><em>Flying High Veranstaltungskalender<\/em><\/a> ist der selbstorganisierte Veranstaltungskalender f\u00fcr widerst\u00e4ndige und subkulturelle Ereignisse in und um Bonn der es erm\u00f6glicht ohne Social Media linke Politik- und Kulturveranstaltungen mitzubekommen.<\/p>\n\n\n\n<p>Ihr wollt sehen was an einem Tag genau passiert?\nGeht auf das Zahnrad im Suchfeld und w\u00e4hlt euren Tag aus!<\/p>\n\n\n\n<p>Ihr macht selbst eine Veranstaltung und m\u00f6chtet das sie auf dem Kalender erscheint?\nDann lest euch die <em>Richtlinien<\/em> durch, die ihr ganz unten auf der Seite findet und klickt anschlie\u00dfend auf <em>Veranstaltung hinzuf\u00fcgen<\/em> unter dem Suchfeld. Ein Admin wird nun eure Veranstaltung sehen und kann diese freigeben.<\/p>\n\n\n\n<p>Ihr habt Fragen oder Anmerkungen?\nSchreibt an:<a href=\"mailto:flyinghighbonn@riseup.net\"> flyinghighbonn@riseup.net<\/a><\/p>\n\n\n\n<p>Ihr wollt \u00fcber Telegram \u00fcber alle neuen Veranstaltungen informiert werden?\nDann folgt dem <a href=\"https:\/\/t.me\/fhbonn_kalender\">Telegram Kanal<\/a><\/p>\n\n\n\n<p>Was nun?\nHelft mit den Kalender bekannter zu machen und teilt den Kalender mit euren Freund*innen und Genoss*innen!<\/p>\n","protected":false},"excerpt":{"rendered":"<p>Der Flying High Veranstaltungskalender ist der selbstorganisierte Veranstaltungskalender f\u00fcr widerst\u00e4ndige und subkulturelle Ereignisse in und um Bonn der es erm\u00f6glicht ohne Social Media linke Politik- und Kulturveranstaltungen mitzubekommen. Ihr wollt&hellip; <\/p>\n","protected":false},"author":14418,"featured_media":0,"parent":0,"menu_order":2,"comment_status":"closed","ping_status":"closed","template":"","meta":{"footnotes":""},"class_list":["post-1629","page","type-page","status-publish","hentry"],"_links":{"self":[{"href":"https:\/\/antifabonn.noblogs.org\/index.php?rest_route=\/wp\/v2\/pages\/1629","targetHints":{"allow":["GET"]}}],"collection":[{"href":"https:\/\/antifabonn.noblogs.org\/index.php?rest_route=\/wp\/v2\/pages"}],"about":[{"href":"https:\/\/antifabonn.noblogs.org\/index.php?rest_route=\/wp\/v2\/types\/page"}],"author":[{"embeddable":true,"href":"https:\/\/antifabonn.noblogs.org\/index.php?rest_route=\/wp\/v2\/users\/14418"}],"replies":[{"embeddable":true,"href":"https:\/\/antifabonn.noblogs.org\/index.php?rest_route=%2Fwp%2Fv2%2Fcomments&post=1629"}],"version-history":[{"count":1,"href":"https:\/\/antifabonn.noblogs.org\/index.php?rest_route=\/wp\/v2\/pages\/1629\/revisions"}],"predecessor-version":[{"id":2211,"href":"https:\/\/antifabonn.noblogs.org\/index.php?rest_route=\/wp\/v2\/pages\/1629\/revisions\/2211"}],"wp:attachment":[{"href":"https:\/\/antifabonn.noblogs.org\/index.php?rest_route=%2Fwp%2Fv2%2Fmedia&parent=1629"}],"curies":[{"name":"wp","href":"https:\/\/api.w.org\/{rel}","templated":true}]}}